{"id":425,"date":"2023-09-25T11:38:47","date_gmt":"2023-09-25T09:38:47","guid":{"rendered":"https:\/\/stbrieuc-jarry.fr\/?page_id=425"},"modified":"2025-08-01T15:54:39","modified_gmt":"2025-08-01T13:54:39","slug":"videos","status":"publish","type":"page","link":"https:\/\/stbrieuc-jarry.fr\/?page_id=425","title":{"rendered":"VIDEOS"},"content":{"rendered":"\n<p><a rel=\"noreferrer noopener\" href=\"https:\/\/vimeo.com\/798313557\" data-type=\"link\" data-id=\"https:\/\/vimeo.com\/798313557\" target=\"_blank\">LE MUS\u00c9E MONDIAL DU CURE-DENTS<\/a><br>14 janvier au 20 f\u00e9vrier. Office de Tourisme de Saint-Brieuc. <\/p>\n\n\n\n<p><a href=\"https:\/\/vimeo.com\/796324917\" data-type=\"link\" data-id=\"https:\/\/vimeo.com\/796324917\" target=\"_blank\" rel=\"noreferrer noopener\">JARRY SATIE<\/a><br>4 f\u00e9vrier 2023. Conservatoire, Villa Carm\u00e9lie<\/p>\n\n\n\n<p><a href=\"https:\/\/vimeo.com\/809837943\" data-type=\"link\" data-id=\"https:\/\/vimeo.com\/809837943\" target=\"_blank\" rel=\"noreferrer noopener\">LA SEMAINE DE L&rsquo;OULIPO<\/a><br>8 au 11 mars. Coll\u00e8ge Anatole Le Braz<\/p>\n\n\n\n<p><a rel=\"noreferrer noopener\" href=\"https:\/\/vimeo.com\/1097264018\" data-type=\"link\" data-id=\"https:\/\/vimeo.com\/1097264018\" target=\"_blank\">UBU ROU\u00cb EN GALLO<\/a><br>19 mars. La M\u00e9augon<\/p>\n\n\n\n<p><a href=\"https:\/\/vimeo.com\/809837943\" data-type=\"link\" data-id=\"https:\/\/vimeo.com\/809837943\" target=\"_blank\" rel=\"noreferrer noopener\">JARRY ET CIE<\/a><br>19 et 20 mars. Th\u00e9\u00e2tre du Totem<\/p>\n\n\n\n<p><a href=\"https:\/\/vimeo.com\/1097264615\" data-type=\"link\" data-id=\"https:\/\/vimeo.com\/1097264615\" target=\"_blank\" rel=\"noreferrer noopener\">LE MUS\u00c9E DE LA FOURCHETTE<\/a><br>Juin. Coll\u00e8ge Anatole Le Braz<\/p>\n\n\n\n<p><a href=\"https:\/\/vimeo.com\/1097265474\" data-type=\"link\" data-id=\"https:\/\/vimeo.com\/1097265474\" target=\"_blank\" rel=\"noreferrer noopener\">JARRY J&rsquo;ARRIVE<\/a><br>1er juillet. Centre-ville<br><a href=\"https:\/\/youtu.be\/MmCEq-QM5Y0?feature=shared\" data-type=\"link\" data-id=\"https:\/\/youtu.be\/MmCEq-QM5Y0?feature=shared\" target=\"_blank\" rel=\"noreferrer noopener\">Le film<\/a> r\u00e9alis\u00e9 par Eva Sanchez et \u00e9crit par Richard Gaitet,<br>Et le podcast de l&rsquo;ensemble de la course, <a href=\"https:\/\/shows.acast.com\/jarry-jarrive\" data-type=\"link\" data-id=\"https:\/\/shows.acast.com\/jarry-jarrive\" target=\"_blank\" rel=\"noreferrer noopener\">5 \u00e9pisodes de 30 minutes<\/a><\/p>\n\n\n\n<p><a href=\"https:\/\/vimeo.com\/1097265836\" data-type=\"link\" data-id=\"https:\/\/vimeo.com\/1097265836\" target=\"_blank\" rel=\"noreferrer noopener\">INAUGURATION PLAQUE \u00ab\u00a0ICI VECUT ALFRED JARRY\u00a0\u00bb<\/a><br>1er juillet. 12 bd Charner<\/p>\n\n\n\n<p><a href=\"https:\/\/vimeo.com\/1097266242\" data-type=\"link\" data-id=\"https:\/\/vimeo.com\/1097266242\" target=\"_blank\" rel=\"noreferrer noopener\">BALADE URBOTANIQUE DE SAINT-BRIEUC<\/a><br>8 et 15 juillet. Centre-ville<\/p>\n\n\n\n<p><a href=\"https:\/\/vimeo.com\/1097266971\" data-type=\"link\" data-id=\"https:\/\/vimeo.com\/1097266971\" target=\"_blank\" rel=\"noreferrer noopener\">LE BANQUET ANNIVERSAIRE DES 150 ANS<\/a><br>8 septembre. Salle de Robien<\/p>\n\n\n\n<p><a href=\"https:\/\/vimeo.com\/1097267264\" data-type=\"link\" data-id=\"https:\/\/vimeo.com\/1097267264\" target=\"_blank\" rel=\"noreferrer noopener\">UBUS D&rsquo;ENCRE DE FRANCOIS BOSSIERE<\/a><br>2 et 3 d\u00e9cembre. Boutique Modique, Totem de l&rsquo;Innovation<br><a href=\"https:\/\/vimeo.com\/924127568?share=copy\" data-type=\"link\" data-id=\"https:\/\/vimeo.com\/924127568?share=copy\" target=\"_blank\" rel=\"noreferrer noopener\">Version sous-titr\u00e9e en Chinois et Anglais<\/a>. <\/p>\n\n\n\n<p><\/p>\n","protected":false},"excerpt":{"rendered":"<p>LE MUS\u00c9E MONDIAL DU CURE-DENTS14 janvier au 20 f\u00e9vrier. Office de Tourisme de Saint-Brieuc. JARRY SATIE4 f\u00e9vrier 2023. Conservatoire, Villa Carm\u00e9lie LA SEMAINE DE L&rsquo;OULIPO8 au 11 mars. Coll\u00e8ge Anatole Le Braz UBU ROU\u00cb EN GALLO19 mars. La M\u00e9augon JARRY ET CIE19 et 20 mars. Th\u00e9\u00e2tre du Totem LE MUS\u00c9E DE LA FOURCHETTEJuin. Coll\u00e8ge Anatole &hellip; <a href=\"https:\/\/stbrieuc-jarry.fr\/?page_id=425\" class=\"more-link\">Continuer la lecture<span class=\"screen-reader-text\"> de &laquo;&nbsp;VIDEOS&nbsp;&raquo;<\/span><\/a><\/p>\n","protected":false},"author":1,"featured_media":0,"parent":0,"menu_order":0,"comment_status":"closed","ping_status":"closed","template":"","meta":{"footnotes":""},"class_list":["post-425","page","type-page","status-publish","hentry"],"_links":{"self":[{"href":"https:\/\/stbrieuc-jarry.fr\/index.php?rest_route=\/wp\/v2\/pages\/425","targetHints":{"allow":["GET"]}}],"collection":[{"href":"https:\/\/stbrieuc-jarry.fr\/index.php?rest_route=\/wp\/v2\/pages"}],"about":[{"href":"https:\/\/stbrieuc-jarry.fr\/index.php?rest_route=\/wp\/v2\/types\/page"}],"author":[{"embeddable":true,"href":"https:\/\/stbrieuc-jarry.fr\/index.php?rest_route=\/wp\/v2\/users\/1"}],"replies":[{"embeddable":true,"href":"https:\/\/stbrieuc-jarry.fr\/index.php?rest_route=%2Fwp%2Fv2%2Fcomments&post=425"}],"version-history":[{"count":18,"href":"https:\/\/stbrieuc-jarry.fr\/index.php?rest_route=\/wp\/v2\/pages\/425\/revisions"}],"predecessor-version":[{"id":469,"href":"https:\/\/stbrieuc-jarry.fr\/index.php?rest_route=\/wp\/v2\/pages\/425\/revisions\/469"}],"wp:attachment":[{"href":"https:\/\/stbrieuc-jarry.fr\/index.php?rest_route=%2Fwp%2Fv2%2Fmedia&parent=425"}],"curies":[{"name":"wp","href":"https:\/\/api.w.org\/{rel}","templated":true}]}}